{"id":160,"date":"2026-02-08T17:48:32","date_gmt":"2026-02-08T17:48:32","guid":{"rendered":"http:\/\/lapidasimpresas.es\/index.php\/personalizar-cookies\/"},"modified":"2026-02-08T17:48:32","modified_gmt":"2026-02-08T17:48:32","slug":"personalizar-cookies","status":"publish","type":"page","link":"https:\/\/lapidasimpresas.es\/index.php\/personalizar-cookies\/","title":{"rendered":"Personalizar Cookies"},"content":{"rendered":"\n<div>\n      <div id=\"custom-cookies-eu-label\">\n          El sitio Web http:\/\/lapidasimpresas.es utiliza cookies propias y de terceros para su correcto funcionamiento y para fines anal\u00edticos y para mostrarte publicidad relacionada con sus preferencias en base a un perfil elaborado a partir de tus h\u00e1bitos de navegaci\u00f3n. Al hacer clic en el bot\u00f3n Aceptar, acepta el uso de estas tecnolog\u00edas y el procesamiento de sus datos para estos prop\u00f3sitos.          \n\n      <\/div>\n\n      <div id=\"custom-cookies-eu-buttons\" class=\"cookies-eu-buttons\">\n        <button id=\"custom-cookies-eu-reject\" class=\"cookies-eu-reject\">Rechazar<\/button>\n        <button id=\"custom-cookies-eu-accept\" class=\"cookies-eu-accept\">ACEPTAR TODAS LAS COOKIES<\/button><\/div>\n      <\/div>\n\n<br\/>\n<p>\n\tPuedes cambiar tus preferencias de cookies en cualquier momento si vuelves a la p\u00e1gina de Personalizar cookies, a la que puedes acceder a trav\u00e9s del Aviso de cookies. \n<\/p>\n\n<h3>Cookies t\u00e9cnicas<\/h3>\n<p>\n\tSon aquellas que permiten a los usuarios registrados navegar a trav\u00e9s del sitio Web, del \u00e1rea restringida y a utilizar sus diferentes funciones, como por ejemplo, el sistema de comentarios o el buscador o llevar a cabo el proceso de compra de un Producto o Servicio y no pueden ser desactivadas.\n<\/p>\n\n<div class=\"custom-cookies-option\">\n  <h3>Cookies de an\u00e1lisis o medici\u00f3n<\/h3>\n  <span>\n    <input type=\"radio\" name=\"cookies-analytics-option\" value=\"true\" class=\"custom-cookies-radio\" data-consent=\"ANLTCS\" id=\"custom-cookies-accept-analytics\" >\n    <label for=\"custom-cookies-accept-analytics\">Activar<\/label>\n    &nbsp;&nbsp;\n    <input type=\"radio\" name=\"cookies-analytics-option\" value=\"false\" class=\"custom-cookies-radio\" data-consent=\"ANLTCS\" id=\"custom-cookies-reject-analytics\" \n    checked>\n    <label for=\"custom-cookies-reject-analytics\">Desactivar<\/label>\n<\/span>\n<\/div>\n\n<p>\n\tSon aquellas que, bien tratadas por el sitio Web o por terceros, permiten cuantificar el n\u00famero de usuarios y as\u00ed realizar la medici\u00f3n y an\u00e1lisis estad\u00edstico de la utilizaci\u00f3n que hacen los usuarios del sitio Web. Para ello se analiza la navegaci\u00f3n que realizas en este sitio Web con el fin de mejorarlo.\n<\/p>\n\n\n","protected":false},"excerpt":{"rendered":"<p>El sitio Web http:\/\/lapidasimpresas.es utiliza cookies propias y de terceros para su correcto funcionamiento y para fines anal\u00edticos y para mostrarte publicidad relacionada con sus preferencias en base a un perfil elaborado a partir de tus h\u00e1bitos de navegaci\u00f3n. Al hacer clic en el bot\u00f3n Aceptar, acepta el uso de estas tecnolog\u00edas y el procesamiento [&hellip;]<\/p>\n","protected":false},"author":1,"featured_media":0,"parent":0,"menu_order":0,"comment_status":"closed","ping_status":"closed","template":"","meta":{"_et_pb_use_builder":"","_et_pb_old_content":"","_et_gb_content_width":"","footnotes":""},"class_list":["post-160","page","type-page","status-publish","hentry"],"yoast_head":"<!-- This site is optimized with the Yoast SEO plugin v26.9 - https:\/\/yoast.com\/product\/yoast-seo-wordpress\/ -->\n<title>Personalizar Cookies - LAPIDASIMPRESAS<\/title>\n<meta name=\"robots\" content=\"index, follow, max-snippet:-1, max-image-preview:large, max-video-preview:-1\" \/>\n<link rel=\"canonical\" href=\"https:\/\/lapidasimpresas.es\/index.php\/personalizar-cookies\/\" \/>\n<meta property=\"og:locale\" content=\"es_ES\" \/>\n<meta property=\"og:type\" content=\"article\" \/>\n<meta property=\"og:title\" content=\"Personalizar Cookies - LAPIDASIMPRESAS\" \/>\n<meta property=\"og:description\" content=\"El sitio Web http:\/\/lapidasimpresas.es utiliza cookies propias y de terceros para su correcto funcionamiento y para fines anal\u00edticos y para mostrarte publicidad relacionada con sus preferencias en base a un perfil elaborado a partir de tus h\u00e1bitos de navegaci\u00f3n. Al hacer clic en el bot\u00f3n Aceptar, acepta el uso de estas tecnolog\u00edas y el procesamiento [&hellip;]\" \/>\n<meta property=\"og:url\" content=\"https:\/\/lapidasimpresas.es\/index.php\/personalizar-cookies\/\" \/>\n<meta property=\"og:site_name\" content=\"LAPIDASIMPRESAS\" \/>\n<meta name=\"twitter:card\" content=\"summary_large_image\" \/>\n<script type=\"application\/ld+json\" class=\"yoast-schema-graph\">{\"@context\":\"https:\/\/schema.org\",\"@graph\":[{\"@type\":\"WebPage\",\"@id\":\"https:\/\/lapidasimpresas.es\/index.php\/personalizar-cookies\/\",\"url\":\"https:\/\/lapidasimpresas.es\/index.php\/personalizar-cookies\/\",\"name\":\"Personalizar Cookies - LAPIDASIMPRESAS\",\"isPartOf\":{\"@id\":\"http:\/\/lapidasimpresas.es\/#website\"},\"datePublished\":\"2026-02-08T17:48:32+00:00\",\"breadcrumb\":{\"@id\":\"https:\/\/lapidasimpresas.es\/index.php\/personalizar-cookies\/#breadcrumb\"},\"inLanguage\":\"es\",\"potentialAction\":[{\"@type\":\"ReadAction\",\"target\":[\"https:\/\/lapidasimpresas.es\/index.php\/personalizar-cookies\/\"]}]},{\"@type\":\"BreadcrumbList\",\"@id\":\"https:\/\/lapidasimpresas.es\/index.php\/personalizar-cookies\/#breadcrumb\",\"itemListElement\":[{\"@type\":\"ListItem\",\"position\":1,\"name\":\"Portada\",\"item\":\"https:\/\/lapidasimpresas.es\/\"},{\"@type\":\"ListItem\",\"position\":2,\"name\":\"Personalizar Cookies\"}]},{\"@type\":\"WebSite\",\"@id\":\"http:\/\/lapidasimpresas.es\/#website\",\"url\":\"http:\/\/lapidasimpresas.es\/\",\"name\":\"LAPIDASIMPRESAS\",\"description\":\"RECUERDOS\",\"publisher\":{\"@id\":\"http:\/\/lapidasimpresas.es\/#organization\"},\"potentialAction\":[{\"@type\":\"SearchAction\",\"target\":{\"@type\":\"EntryPoint\",\"urlTemplate\":\"http:\/\/lapidasimpresas.es\/?s={search_term_string}\"},\"query-input\":{\"@type\":\"PropertyValueSpecification\",\"valueRequired\":true,\"valueName\":\"search_term_string\"}}],\"inLanguage\":\"es\"},{\"@type\":\"Organization\",\"@id\":\"http:\/\/lapidasimpresas.es\/#organization\",\"name\":\"GRUPO ROTUSTUDIO\",\"url\":\"http:\/\/lapidasimpresas.es\/\",\"logo\":{\"@type\":\"ImageObject\",\"inLanguage\":\"es\",\"@id\":\"http:\/\/lapidasimpresas.es\/#\/schema\/logo\/image\/\",\"url\":\"http:\/\/lapidasimpresas.es\/wp-content\/uploads\/2026\/02\/rotunicho.png\",\"contentUrl\":\"http:\/\/lapidasimpresas.es\/wp-content\/uploads\/2026\/02\/rotunicho.png\",\"width\":1880,\"height\":403,\"caption\":\"GRUPO ROTUSTUDIO\"},\"image\":{\"@id\":\"http:\/\/lapidasimpresas.es\/#\/schema\/logo\/image\/\"}}]}<\/script>\n<!-- \/ Yoast SEO plugin. -->","yoast_head_json":{"title":"Personalizar Cookies - LAPIDASIMPRESAS","robots":{"index":"index","follow":"follow","max-snippet":"max-snippet:-1","max-image-preview":"max-image-preview:large","max-video-preview":"max-video-preview:-1"},"canonical":"https:\/\/lapidasimpresas.es\/index.php\/personalizar-cookies\/","og_locale":"es_ES","og_type":"article","og_title":"Personalizar Cookies - LAPIDASIMPRESAS","og_description":"El sitio Web http:\/\/lapidasimpresas.es utiliza cookies propias y de terceros para su correcto funcionamiento y para fines anal\u00edticos y para mostrarte publicidad relacionada con sus preferencias en base a un perfil elaborado a partir de tus h\u00e1bitos de navegaci\u00f3n. Al hacer clic en el bot\u00f3n Aceptar, acepta el uso de estas tecnolog\u00edas y el procesamiento [&hellip;]","og_url":"https:\/\/lapidasimpresas.es\/index.php\/personalizar-cookies\/","og_site_name":"LAPIDASIMPRESAS","twitter_card":"summary_large_image","schema":{"@context":"https:\/\/schema.org","@graph":[{"@type":"WebPage","@id":"https:\/\/lapidasimpresas.es\/index.php\/personalizar-cookies\/","url":"https:\/\/lapidasimpresas.es\/index.php\/personalizar-cookies\/","name":"Personalizar Cookies - LAPIDASIMPRESAS","isPartOf":{"@id":"http:\/\/lapidasimpresas.es\/#website"},"datePublished":"2026-02-08T17:48:32+00:00","breadcrumb":{"@id":"https:\/\/lapidasimpresas.es\/index.php\/personalizar-cookies\/#breadcrumb"},"inLanguage":"es","potentialAction":[{"@type":"ReadAction","target":["https:\/\/lapidasimpresas.es\/index.php\/personalizar-cookies\/"]}]},{"@type":"BreadcrumbList","@id":"https:\/\/lapidasimpresas.es\/index.php\/personalizar-cookies\/#breadcrumb","itemListElement":[{"@type":"ListItem","position":1,"name":"Portada","item":"https:\/\/lapidasimpresas.es\/"},{"@type":"ListItem","position":2,"name":"Personalizar Cookies"}]},{"@type":"WebSite","@id":"http:\/\/lapidasimpresas.es\/#website","url":"http:\/\/lapidasimpresas.es\/","name":"LAPIDASIMPRESAS","description":"RECUERDOS","publisher":{"@id":"http:\/\/lapidasimpresas.es\/#organization"},"potentialAction":[{"@type":"SearchAction","target":{"@type":"EntryPoint","urlTemplate":"http:\/\/lapidasimpresas.es\/?s={search_term_string}"},"query-input":{"@type":"PropertyValueSpecification","valueRequired":true,"valueName":"search_term_string"}}],"inLanguage":"es"},{"@type":"Organization","@id":"http:\/\/lapidasimpresas.es\/#organization","name":"GRUPO ROTUSTUDIO","url":"http:\/\/lapidasimpresas.es\/","logo":{"@type":"ImageObject","inLanguage":"es","@id":"http:\/\/lapidasimpresas.es\/#\/schema\/logo\/image\/","url":"http:\/\/lapidasimpresas.es\/wp-content\/uploads\/2026\/02\/rotunicho.png","contentUrl":"http:\/\/lapidasimpresas.es\/wp-content\/uploads\/2026\/02\/rotunicho.png","width":1880,"height":403,"caption":"GRUPO ROTUSTUDIO"},"image":{"@id":"http:\/\/lapidasimpresas.es\/#\/schema\/logo\/image\/"}}]}},"_links":{"self":[{"href":"https:\/\/lapidasimpresas.es\/index.php\/wp-json\/wp\/v2\/pages\/160","targetHints":{"allow":["GET"]}}],"collection":[{"href":"https:\/\/lapidasimpresas.es\/index.php\/wp-json\/wp\/v2\/pages"}],"about":[{"href":"https:\/\/lapidasimpresas.es\/index.php\/wp-json\/wp\/v2\/types\/page"}],"author":[{"embeddable":true,"href":"https:\/\/lapidasimpresas.es\/index.php\/wp-json\/wp\/v2\/users\/1"}],"replies":[{"embeddable":true,"href":"https:\/\/lapidasimpresas.es\/index.php\/wp-json\/wp\/v2\/comments?post=160"}],"version-history":[{"count":0,"href":"https:\/\/lapidasimpresas.es\/index.php\/wp-json\/wp\/v2\/pages\/160\/revisions"}],"wp:attachment":[{"href":"https:\/\/lapidasimpresas.es\/index.php\/wp-json\/wp\/v2\/media?parent=160"}],"curies":[{"name":"wp","href":"https:\/\/api.w.org\/{rel}","templated":true}]}}