{"id":222620,"date":"2026-04-03T11:33:58","date_gmt":"2026-04-03T11:33:58","guid":{"rendered":"https:\/\/lapidasimpresas.es\/?post_type=product&#038;p=222620"},"modified":"2026-04-03T11:34:54","modified_gmt":"2026-04-03T11:34:54","slug":"rotubasic-2","status":"publish","type":"product","link":"https:\/\/lapidasimpresas.es\/index.php\/producto\/rotubasic-2\/","title":{"rendered":"ROTUBASIC"},"content":{"rendered":"<p>[et_pb_section fb_built=\u00bb1&#8243; _builder_version=\u00bb4.16&#8243; custom_padding=\u00bb0px||||false|false\u00bb global_colors_info=\u00bb{}\u00bb][et_pb_row _builder_version=\u00bb4.27.5&#8243; background_color=\u00bbRGBA(255,255,255,0)\u00bb background_size=\u00bbinitial\u00bb background_position=\u00bbtop_left\u00bb background_repeat=\u00bbrepeat\u00bb width=\u00bb100%\u00bb custom_padding=\u00bb0px||0px||false|false\u00bb global_colors_info=\u00bb{}\u00bb][et_pb_column type=\u00bb4_4&#8243; _builder_version=\u00bb4.16&#8243; custom_padding=\u00bb|||\u00bb global_colors_info=\u00bb{}\u00bb custom_padding__hover=\u00bb|||\u00bb][et_pb_wc_breadcrumb _builder_version=\u00bb4.16&#8243; global_colors_info=\u00bb{}\u00bb][\/et_pb_wc_breadcrumb][et_pb_wc_cart_notice _builder_version=\u00bb4.27.5&#8243; background_color=\u00bbgcid-0471c523-52a6-4099-9e40-605a3d653bf9&#8243; custom_button=\u00bbon\u00bb button_text_size=\u00bb17px\u00bb button_text_color=\u00bb#E09900&#8243; global_colors_info=\u00bb{%22gcid-0471c523-52a6-4099-9e40-605a3d653bf9%22:%91%22background_color%22%93}\u00bb][\/et_pb_wc_cart_notice][\/et_pb_column][\/et_pb_row][et_pb_row column_structure=\u00bb1_2,1_2&#8243; _builder_version=\u00bb4.27.5&#8243; background_size=\u00bbinitial\u00bb background_position=\u00bbtop_left\u00bb background_repeat=\u00bbrepeat\u00bb width=\u00bb100%\u00bb width_tablet=\u00bb100%\u00bb width_phone=\u00bb79%\u00bb width_last_edited=\u00bbon|phone\u00bb max_width=\u00bb795px\u00bb custom_padding=\u00bb0px||||false|false\u00bb global_colors_info=\u00bb{}\u00bb][et_pb_column type=\u00bb1_2&#8243; _builder_version=\u00bb4.16&#8243; custom_padding=\u00bb|||\u00bb global_colors_info=\u00bb{}\u00bb custom_padding__hover=\u00bb|||\u00bb][et_pb_wc_images _builder_version=\u00bb4.16&#8243; global_colors_info=\u00bb{}\u00bb][\/et_pb_wc_images][et_pb_accordion open_toggle_text_color=\u00bbgcid-body-color\u00bb open_toggle_background_color=\u00bbgcid-34807b40-f97e-428a-90f8-6d5ad2ecd8cd\u00bb closed_toggle_text_color=\u00bb#FFFFFF\u00bb closed_toggle_background_color=\u00bbgcid-9ec2f6af-3c8a-4494-96a6-8a3c5ce135f9&#8243; icon_color=\u00bbgcid-0471c523-52a6-4099-9e40-605a3d653bf9&#8243; disabled_on=\u00bbon|on|off\u00bb _builder_version=\u00bb4.27.5&#8243; _module_preset=\u00bbdefault\u00bb toggle_text_color=\u00bb#FFFFFF\u00bb toggle_font=\u00bbMontserrat|700|||||||\u00bb toggle_text_align=\u00bbleft\u00bb closed_toggle_font=\u00bbMontserrat||||||||\u00bb body_font=\u00bbMontserrat||||||||\u00bb text_orientation=\u00bbjustified\u00bb border_radii=\u00bbon|8px|8px|8px|8px\u00bb border_style_all=\u00bbnone\u00bb global_colors_info=\u00bb{%22gcid-0471c523-52a6-4099-9e40-605a3d653bf9%22:%91%22icon_color%22%93,%22gcid-9ec2f6af-3c8a-4494-96a6-8a3c5ce135f9%22:%91%22closed_toggle_background_color%22%93,%22gcid-34807b40-f97e-428a-90f8-6d5ad2ecd8cd%22:%91%22open_toggle_background_color%22%93,%22gcid-body-color%22:%91%22open_toggle_text_color%22%93}\u00bb][et_pb_accordion_item title=\u00bbPlazo de Entrega\u00bb open=\u00bbon\u00bb _builder_version=\u00bb4.27.5&#8243; _module_preset=\u00bbdefault\u00bb global_colors_info=\u00bb{}\u00bb]<\/p>\n<p>Nuestro plazo de entrega base es de 20 d\u00edas desde aceptaci\u00f3n de dise\u00f1o. Disponemos de una modalidad m\u00e1s rapida rotuYA (10 d\u00edas) con coste adicional.<\/p>\n<p>[\/et_pb_accordion_item][et_pb_accordion_item title=\u00bbDise\u00f1o\u00bb _builder_version=\u00bb4.27.5&#8243; _module_preset=\u00bbdefault\u00bb global_colors_info=\u00bb{}\u00bb open=\u00bboff\u00bb]<\/p>\n<p>Una vez recibido el pedido y todo el material gr\u00e1fico que necesitamos. Nos pondremos en contacto con usted, para recopilar datos de la idea que le gustaria plasmar en la l\u00e1pida.<\/p>\n<p>&nbsp;<\/p>\n<p>Una vez dise\u00f1ada se le envia composici\u00f3n fotografica para su aprobaci\u00f3n o modificaci\u00f3n.<\/p>\n<p>[\/et_pb_accordion_item][et_pb_accordion_item title=\u00bbEnvio de archivos\u00bb _builder_version=\u00bb4.27.5&#8243; _module_preset=\u00bbdefault\u00bb global_colors_info=\u00bb{}\u00bb open=\u00bboff\u00bb]<\/p>\n<p>Los archivos los puede subir directamente al carro de la compra o enviarnoslo despues por\u00a0<a href=\"https:\/\/gruporotuestudio.wetransfer.com\/\" target=\"_blank\" rel=\"noopener\">WETRANSFER\u00a0<\/a><\/p>\n<p>&nbsp;<\/p>\n<p>Indicado n\u00ba de pedido y\/o nombre difunto<\/p>\n<p>[\/et_pb_accordion_item][et_pb_accordion_item title=\u00bbComo utilizar nuestro BANCO DE IMAGENES\u00bb _builder_version=\u00bb4.27.5&#8243; _module_preset=\u00bbdefault\u00bb global_colors_info=\u00bb{}\u00bb open=\u00bboff\u00bb]<\/p>\n<p>Debes ingresar en el banco de imagenes\u00a0\u00a0<a href=\"https:\/\/www.shutterstock.com\/es\/photos\">https:\/\/www.shutterstock.com\/es\/photos<\/a>\u00a0.<\/p>\n<p>&nbsp;<\/p>\n<p>Elegir las imagenes que te gusten y nos indicas el ID del elemento, que se encuentra en\u00a0<span class=\"MuiTypography-root MuiTypography-body1 mui-13cbanw-title-title\">Detalles de imagen.<\/span><\/p>\n<p><a href=\"https:\/\/www.shutterstock.com\/es\/image-photo\/fantastic-evening-panorama-bachalp-lake-bachalpsee-1216555750?trackingId=07dc0622-8d5b-419c-a892-2469159dbd92&amp;listId=searchResults\" target=\"_blank\" rel=\"noopener\">VER EJEMPLO<\/a><\/p>\n<p><img loading=\"lazy\" decoding=\"async\" class=\"wp-image-224 alignnone size-medium\" src=\"http:\/\/lapidasimpresas.es\/wp-content\/uploads\/2026\/02\/shuter-300x227.png\" sizes=\"(max-width: 300px) 100vw, 300px\" srcset=\"https:\/\/lapidasimpresas.es\/wp-content\/uploads\/2026\/02\/shuter-300x227.png 300w, https:\/\/lapidasimpresas.es\/wp-content\/uploads\/2026\/02\/shuter.png 394w\" alt=\"\" width=\"300\" height=\"227\" \/><\/p>\n<p>[\/et_pb_accordion_item][et_pb_accordion_item title=\u00bbNecesito un tama\u00f1o + Grande\u00bb _builder_version=\u00bb4.27.5&#8243; _module_preset=\u00bbdefault\u00bb global_colors_info=\u00bb{}\u00bb open=\u00bboff\u00bb]<\/p>\n<p>Producimos l\u00e1pidas hasta un tama\u00f1o max. de 1000\u00d71000 mm , bajo presupuesto previo.<\/p>\n<p>&nbsp;<\/p>\n<p>Puede solicitar oferta pinchando AQUI<\/p>\n<p>[\/et_pb_accordion_item][\/et_pb_accordion][\/et_pb_column][et_pb_column type=\u00bb1_2&#8243; _builder_version=\u00bb4.16&#8243; custom_padding=\u00bb|||\u00bb global_colors_info=\u00bb{}\u00bb custom_padding__hover=\u00bb|||\u00bb][et_pb_wc_title _builder_version=\u00bb4.27.5&#8243; header_font=\u00bbMontserrat|800|||||||\u00bb header_text_color=\u00bbgcid-9ec2f6af-3c8a-4494-96a6-8a3c5ce135f9&#8243; global_colors_info=\u00bb{%22gcid-9ec2f6af-3c8a-4494-96a6-8a3c5ce135f9%22:%91%22header_text_color%22%93}\u00bb][\/et_pb_wc_title][et_pb_wc_price _builder_version=\u00bb4.27.5&#8243; body_font=\u00bbMontserrat|700|||||||\u00bb body_text_color=\u00bb#636363&#8243; global_colors_info=\u00bb{}\u00bb][\/et_pb_wc_price][et_pb_wc_description _builder_version=\u00bb4.27.5&#8243; body_font=\u00bbMontserrat|600|||||||\u00bb global_colors_info=\u00bb{}\u00bb][\/et_pb_wc_description][et_pb_text _builder_version=\u00bb4.27.5&#8243; _module_preset=\u00bbdefault\u00bb text_font=\u00bbMontserrat|800|||||||\u00bb text_font_size=\u00bb20px\u00bb background_color=\u00bbgcid-da42022a-39a4-408d-9409-1ea7777ae32a\u00bb text_orientation=\u00bbcenter\u00bb global_colors_info=\u00bb{%22gcid-da42022a-39a4-408d-9409-1ea7777ae32a%22:%91%22background_color%22%93}\u00bb]PERSONALIZA LA L\u00c1PIDA<br \/>\n[\/et_pb_text][et_pb_wc_add_to_cart _builder_version=\u00bb4.27.5&#8243; fields_background_color=\u00bbgcid-da42022a-39a4-408d-9409-1ea7777ae32a\u00bb fields_text_color=\u00bb#000000&#8243; dropdown_menus_background_color=\u00bb#FFFFFF\u00bb dropdown_menus_text_color=\u00bb#E02B20&#8243; dropdown_menus_focus_background_color=\u00bb#FFFFFF\u00bb field_label_font=\u00bbMontserrat|600|||||||\u00bb field_label_text_color=\u00bb#000000&#8243; field_label_font_size=\u00bb15px\u00bb fields_font=\u00bbMontserrat|800|||||||\u00bb fields_text_align=\u00bbleft\u00bb fields_font_size=\u00bb14px\u00bb custom_button=\u00bbon\u00bb button_text_size=\u00bb18px\u00bb button_text_color=\u00bb#FFFFFF\u00bb button_bg_color=\u00bbgcid-0471c523-52a6-4099-9e40-605a3d653bf9&#8243; button_border_radius=\u00bb19px\u00bb field_label_text_color_tablet=\u00bb#000000&#8243; field_label_text_color_phone=\u00bbgcid-heading-color\u00bb field_label_text_color_last_edited=\u00bbon|phone\u00bb button_text_color_tablet=\u00bb#FFFFFF\u00bb button_text_color_phone=\u00bb#FFFFFF\u00bb button_text_color_last_edited=\u00bbon|phone\u00bb border_width_all_fields=\u00bb1px\u00bb global_colors_info=\u00bb{%22gcid-0471c523-52a6-4099-9e40-605a3d653bf9%22:%91%22button_bg_color%22%93,%22gcid-heading-color%22:%91%22field_label_text_color_phone%22%93,%22gcid-da42022a-39a4-408d-9409-1ea7777ae32a%22:%91%22fields_background_color%22%93}\u00bb][\/et_pb_wc_add_to_cart][et_pb_accordion open_toggle_text_color=\u00bbgcid-body-color\u00bb open_toggle_background_color=\u00bbgcid-34807b40-f97e-428a-90f8-6d5ad2ecd8cd\u00bb closed_toggle_text_color=\u00bb#FFFFFF\u00bb closed_toggle_background_color=\u00bbgcid-9ec2f6af-3c8a-4494-96a6-8a3c5ce135f9&#8243; icon_color=\u00bbgcid-0471c523-52a6-4099-9e40-605a3d653bf9&#8243; disabled_on=\u00bboff|off|on\u00bb _builder_version=\u00bb4.27.5&#8243; _module_preset=\u00bbdefault\u00bb toggle_text_color=\u00bb#FFFFFF\u00bb toggle_font=\u00bbMontserrat|700|||||||\u00bb toggle_text_align=\u00bbleft\u00bb closed_toggle_font=\u00bbMontserrat||||||||\u00bb body_font=\u00bbMontserrat||||||||\u00bb text_orientation=\u00bbjustified\u00bb border_radii=\u00bbon|8px|8px|8px|8px\u00bb border_style_all=\u00bbnone\u00bb global_colors_info=\u00bb{%22gcid-0471c523-52a6-4099-9e40-605a3d653bf9%22:%91%22icon_color%22%93,%22gcid-9ec2f6af-3c8a-4494-96a6-8a3c5ce135f9%22:%91%22closed_toggle_background_color%22%93,%22gcid-34807b40-f97e-428a-90f8-6d5ad2ecd8cd%22:%91%22open_toggle_background_color%22%93,%22gcid-body-color%22:%91%22open_toggle_text_color%22%93}\u00bb][et_pb_accordion_item title=\u00bbPlazo de Entrega\u00bb open=\u00bbon\u00bb _builder_version=\u00bb4.27.5&#8243; _module_preset=\u00bbdefault\u00bb global_colors_info=\u00bb{}\u00bb]<\/p>\n<p>Nuestro plazo de entrega base es de 20 d\u00edas desde aceptaci\u00f3n de dise\u00f1o. Disponemos de una modalidad m\u00e1s rapida rotuYA (10 d\u00edas) con coste adicional.<\/p>\n<p>[\/et_pb_accordion_item][et_pb_accordion_item title=\u00bbDise\u00f1o\u00bb _builder_version=\u00bb4.27.5&#8243; _module_preset=\u00bbdefault\u00bb global_colors_info=\u00bb{}\u00bb open=\u00bboff\u00bb]<\/p>\n<p>Una vez recibido el pedido y todo el material gr\u00e1fico que necesitamos. Nos pondremos en contacto con usted, para recopilar datos de la idea que le gustaria plasmar en la l\u00e1pida.<\/p>\n<p>&nbsp;<\/p>\n<p>Una vez dise\u00f1ada se le envia composici\u00f3n fotografica para su aprobaci\u00f3n o modificaci\u00f3n.<\/p>\n<p>[\/et_pb_accordion_item][et_pb_accordion_item title=\u00bbEnvio de archivos\u00bb _builder_version=\u00bb4.27.5&#8243; _module_preset=\u00bbdefault\u00bb global_colors_info=\u00bb{}\u00bb open=\u00bboff\u00bb]<\/p>\n<p>Los archivos los puede subir directamente al carro de la compra o enviarnoslo despues por\u00a0<a href=\"https:\/\/gruporotuestudio.wetransfer.com\/\" target=\"_blank\" rel=\"noopener\">WETRANSFER\u00a0<\/a><\/p>\n<p>&nbsp;<\/p>\n<p>Indicado n\u00ba de pedido y\/o nombre difunto<\/p>\n<p>[\/et_pb_accordion_item][et_pb_accordion_item title=\u00bbComo utilizar nuestro BANCO DE IMAGENES\u00bb _builder_version=\u00bb4.27.5&#8243; _module_preset=\u00bbdefault\u00bb global_colors_info=\u00bb{}\u00bb open=\u00bboff\u00bb]<\/p>\n<p>Debes ingresar en el banco de imagenes\u00a0\u00a0<a href=\"https:\/\/www.shutterstock.com\/es\/photos\">https:\/\/www.shutterstock.com\/es\/photos<\/a>\u00a0.<\/p>\n<p>&nbsp;<\/p>\n<p>Elegir las imagenes que te gusten y nos indicas el ID del elemento, que se encuentra en\u00a0<span class=\"MuiTypography-root MuiTypography-body1 mui-13cbanw-title-title\">Detalles de imagen.<\/span><\/p>\n<p><a href=\"https:\/\/www.shutterstock.com\/es\/image-photo\/fantastic-evening-panorama-bachalp-lake-bachalpsee-1216555750?trackingId=07dc0622-8d5b-419c-a892-2469159dbd92&amp;listId=searchResults\" target=\"_blank\" rel=\"noopener\">VER EJEMPLO<\/a><\/p>\n<p><img loading=\"lazy\" decoding=\"async\" class=\"wp-image-224 alignnone size-medium\" src=\"http:\/\/lapidasimpresas.es\/wp-content\/uploads\/2026\/02\/shuter-300x227.png\" sizes=\"(max-width: 300px) 100vw, 300px\" srcset=\"https:\/\/lapidasimpresas.es\/wp-content\/uploads\/2026\/02\/shuter-300x227.png 300w, https:\/\/lapidasimpresas.es\/wp-content\/uploads\/2026\/02\/shuter.png 394w\" alt=\"\" width=\"300\" height=\"227\" \/><\/p>\n<p>[\/et_pb_accordion_item][et_pb_accordion_item title=\u00bbNecesito un tama\u00f1o + Grande\u00bb _builder_version=\u00bb4.27.5&#8243; _module_preset=\u00bbdefault\u00bb global_colors_info=\u00bb{}\u00bb open=\u00bboff\u00bb]<\/p>\n<p>Producimos l\u00e1pidas hasta un tama\u00f1o max. de 1000\u00d71000 mm , bajo presupuesto previo.<\/p>\n<p>&nbsp;<\/p>\n<p>Puede solicitar oferta pinchando AQUI<\/p>\n<p>[\/et_pb_accordion_item][\/et_pb_accordion][\/et_pb_column][\/et_pb_row][et_pb_row _builder_version=\u00bb4.16&#8243; background_size=\u00bbinitial\u00bb background_position=\u00bbtop_left\u00bb background_repeat=\u00bbrepeat\u00bb width=\u00bb100%\u00bb global_colors_info=\u00bb{}\u00bb][et_pb_column type=\u00bb4_4&#8243; _builder_version=\u00bb4.16&#8243; custom_padding=\u00bb|||\u00bb global_colors_info=\u00bb{}\u00bb custom_padding__hover=\u00bb|||\u00bb][et_pb_wc_upsells _builder_version=\u00bb4.16&#8243; global_colors_info=\u00bb{}\u00bb][\/et_pb_wc_upsells][et_pb_wc_related_products _builder_version=\u00bb4.27.5&#8243; title_font=\u00bbMontserrat||||||||\u00bb product_title_font=\u00bbMontserrat|600|||||||\u00bb product_title_text_color=\u00bbgcid-2f165cf0-7740-4284-ac5d-986c5c086f9b\u00bb price_font=\u00bbMontserrat|600|||||||\u00bb border_radii_image=\u00bbon|14px|14px|14px|14px\u00bb box_shadow_style_image=\u00bbpreset1&#8243; box_shadow_spread_image=\u00bb5px\u00bb global_colors_info=\u00bb{%22gcid-2f165cf0-7740-4284-ac5d-986c5c086f9b%22:%91%22product_title_text_color%22%93}\u00bb][\/et_pb_wc_related_products][\/et_pb_column][\/et_pb_row][\/et_pb_section]<\/p>\n","protected":false},"excerpt":{"rendered":"<ul>\n<li>L\u00e1pida impresa en polimero\u00a0<strong>High Tack<\/strong>, de alta calidad fabricaci\u00f3n Alemana sobre COMPOSITE DE ALUMINIO 3mm, con vitrificado en acabado brillo cer\u00e1mico.<\/li>\n<li>Personalizacion\u00a0<strong>TOTALMENTE 100% l<\/strong>a l\u00e1pida dedicada a nuestros seres queridos de manera nunca antes vista, pudiendo incluir sin ning\u00fan problema im\u00e1genes de sus aficiones, lugares preferidos, santos, escudos, insignias, etc. sin ninguna limitaci\u00f3n.<\/li>\n<li>Fotocomposici\u00f3n incluida \u2013 hasta 3 modificaciones<\/li>\n<li><strong>DISPONEMOS DE BANCO DE IMAGENES<\/strong>\u00a0, LA CUAL PUEDES USAR PARA ESCOGER FONDOS A TU GUSTO \u2013\u00a0<a href=\"https:\/\/www.shutterstock.com\/es\/photos\" target=\"_blank\" rel=\"noopener\">VER CATALOGO<\/a><\/li>\n<li>Medidas m\u00e1ximas: 800\u00d7800 mm.<\/li>\n<li><\/li>\n<\/ul>\n","protected":false},"featured_media":217,"comment_status":"open","ping_status":"closed","template":"","meta":{"_et_pb_use_builder":"on","_et_pb_old_content":"","_et_gb_content_width":""},"product_brand":[],"product_cat":[22],"product_tag":[],"class_list":{"0":"post-222620","1":"product","2":"type-product","3":"status-publish","4":"has-post-thumbnail","6":"product_cat-lapidas-impresas","8":"first","9":"instock","10":"purchasable","11":"product-type-simple"},"yoast_head":"<!-- This site is optimized with the Yoast SEO plugin v26.9 - https:\/\/yoast.com\/product\/yoast-seo-wordpress\/ -->\n<title>ROTUBASIC - LAPIDASIMPRESAS<\/title>\n<meta name=\"robots\" content=\"index, follow, max-snippet:-1, max-image-preview:large, max-video-preview:-1\" \/>\n<link rel=\"canonical\" href=\"https:\/\/lapidasimpresas.es\/index.php\/producto\/rotubasic-2\/\" \/>\n<meta property=\"og:locale\" content=\"es_ES\" \/>\n<meta property=\"og:type\" content=\"article\" \/>\n<meta property=\"og:title\" content=\"ROTUBASIC - LAPIDASIMPRESAS\" \/>\n<meta property=\"og:description\" content=\"L\u00e1pida impresa en polimero\u00a0High Tack, de alta calidad fabricaci\u00f3n Alemana sobre COMPOSITE DE ALUMINIO 3mm, con vitrificado en acabado brillo cer\u00e1mico.  Personalizacion\u00a0TOTALMENTE 100% la l\u00e1pida dedicada a nuestros seres queridos de manera nunca antes vista, pudiendo incluir sin ning\u00fan problema im\u00e1genes de sus aficiones, lugares preferidos, santos, escudos, insignias, etc. sin ninguna limitaci\u00f3n.  Fotocomposici\u00f3n incluida \u2013 hasta 3 modificaciones  DISPONEMOS DE BANCO DE IMAGENES\u00a0, LA CUAL PUEDES USAR PARA ESCOGER FONDOS A TU GUSTO \u2013\u00a0VER CATALOGO  Medidas m\u00e1ximas: 800\u00d7800 mm.\" \/>\n<meta property=\"og:url\" content=\"https:\/\/lapidasimpresas.es\/index.php\/producto\/rotubasic-2\/\" \/>\n<meta property=\"og:site_name\" content=\"LAPIDASIMPRESAS\" \/>\n<meta property=\"article:modified_time\" content=\"2026-04-03T11:34:54+00:00\" \/>\n<meta property=\"og:image\" content=\"http:\/\/lapidasimpresas.es\/wp-content\/uploads\/2026\/02\/lapida-alupanel.png\" \/>\n\t<meta property=\"og:image:width\" content=\"1134\" \/>\n\t<meta property=\"og:image:height\" content=\"967\" \/>\n\t<meta property=\"og:image:type\" content=\"image\/png\" \/>\n<meta name=\"twitter:card\" content=\"summary_large_image\" \/>\n<meta name=\"twitter:label1\" content=\"Tiempo de lectura\" \/>\n\t<meta name=\"twitter:data1\" content=\"4 minutos\" \/>\n<script type=\"application\/ld+json\" class=\"yoast-schema-graph\">{\"@context\":\"https:\/\/schema.org\",\"@graph\":[{\"@type\":\"WebPage\",\"@id\":\"https:\/\/lapidasimpresas.es\/index.php\/producto\/rotubasic-2\/\",\"url\":\"https:\/\/lapidasimpresas.es\/index.php\/producto\/rotubasic-2\/\",\"name\":\"ROTUBASIC - LAPIDASIMPRESAS\",\"isPartOf\":{\"@id\":\"http:\/\/lapidasimpresas.es\/#website\"},\"primaryImageOfPage\":{\"@id\":\"https:\/\/lapidasimpresas.es\/index.php\/producto\/rotubasic-2\/#primaryimage\"},\"image\":{\"@id\":\"https:\/\/lapidasimpresas.es\/index.php\/producto\/rotubasic-2\/#primaryimage\"},\"thumbnailUrl\":\"https:\/\/lapidasimpresas.es\/wp-content\/uploads\/2026\/02\/lapida-alupanel.png\",\"datePublished\":\"2026-04-03T11:33:58+00:00\",\"dateModified\":\"2026-04-03T11:34:54+00:00\",\"breadcrumb\":{\"@id\":\"https:\/\/lapidasimpresas.es\/index.php\/producto\/rotubasic-2\/#breadcrumb\"},\"inLanguage\":\"es\",\"potentialAction\":[{\"@type\":\"ReadAction\",\"target\":[\"https:\/\/lapidasimpresas.es\/index.php\/producto\/rotubasic-2\/\"]}]},{\"@type\":\"ImageObject\",\"inLanguage\":\"es\",\"@id\":\"https:\/\/lapidasimpresas.es\/index.php\/producto\/rotubasic-2\/#primaryimage\",\"url\":\"https:\/\/lapidasimpresas.es\/wp-content\/uploads\/2026\/02\/lapida-alupanel.png\",\"contentUrl\":\"https:\/\/lapidasimpresas.es\/wp-content\/uploads\/2026\/02\/lapida-alupanel.png\",\"width\":1134,\"height\":967},{\"@type\":\"BreadcrumbList\",\"@id\":\"https:\/\/lapidasimpresas.es\/index.php\/producto\/rotubasic-2\/#breadcrumb\",\"itemListElement\":[{\"@type\":\"ListItem\",\"position\":1,\"name\":\"Portada\",\"item\":\"https:\/\/lapidasimpresas.es\/\"},{\"@type\":\"ListItem\",\"position\":2,\"name\":\"INICIO\",\"item\":\"https:\/\/lapidasimpresas.es\/\"},{\"@type\":\"ListItem\",\"position\":3,\"name\":\"ROTUBASIC\"}]},{\"@type\":\"WebSite\",\"@id\":\"http:\/\/lapidasimpresas.es\/#website\",\"url\":\"http:\/\/lapidasimpresas.es\/\",\"name\":\"LAPIDASIMPRESAS\",\"description\":\"RECUERDOS\",\"publisher\":{\"@id\":\"http:\/\/lapidasimpresas.es\/#organization\"},\"potentialAction\":[{\"@type\":\"SearchAction\",\"target\":{\"@type\":\"EntryPoint\",\"urlTemplate\":\"http:\/\/lapidasimpresas.es\/?s={search_term_string}\"},\"query-input\":{\"@type\":\"PropertyValueSpecification\",\"valueRequired\":true,\"valueName\":\"search_term_string\"}}],\"inLanguage\":\"es\"},{\"@type\":\"Organization\",\"@id\":\"http:\/\/lapidasimpresas.es\/#organization\",\"name\":\"GRUPO ROTUSTUDIO\",\"url\":\"http:\/\/lapidasimpresas.es\/\",\"logo\":{\"@type\":\"ImageObject\",\"inLanguage\":\"es\",\"@id\":\"http:\/\/lapidasimpresas.es\/#\/schema\/logo\/image\/\",\"url\":\"http:\/\/lapidasimpresas.es\/wp-content\/uploads\/2026\/02\/rotunicho.png\",\"contentUrl\":\"http:\/\/lapidasimpresas.es\/wp-content\/uploads\/2026\/02\/rotunicho.png\",\"width\":1880,\"height\":403,\"caption\":\"GRUPO ROTUSTUDIO\"},\"image\":{\"@id\":\"http:\/\/lapidasimpresas.es\/#\/schema\/logo\/image\/\"}}]}<\/script>\n<!-- \/ Yoast SEO plugin. -->","yoast_head_json":{"title":"ROTUBASIC - LAPIDASIMPRESAS","robots":{"index":"index","follow":"follow","max-snippet":"max-snippet:-1","max-image-preview":"max-image-preview:large","max-video-preview":"max-video-preview:-1"},"canonical":"https:\/\/lapidasimpresas.es\/index.php\/producto\/rotubasic-2\/","og_locale":"es_ES","og_type":"article","og_title":"ROTUBASIC - LAPIDASIMPRESAS","og_description":"L\u00e1pida impresa en polimero\u00a0High Tack, de alta calidad fabricaci\u00f3n Alemana sobre COMPOSITE DE ALUMINIO 3mm, con vitrificado en acabado brillo cer\u00e1mico.  Personalizacion\u00a0TOTALMENTE 100% la l\u00e1pida dedicada a nuestros seres queridos de manera nunca antes vista, pudiendo incluir sin ning\u00fan problema im\u00e1genes de sus aficiones, lugares preferidos, santos, escudos, insignias, etc. sin ninguna limitaci\u00f3n.  Fotocomposici\u00f3n incluida \u2013 hasta 3 modificaciones  DISPONEMOS DE BANCO DE IMAGENES\u00a0, LA CUAL PUEDES USAR PARA ESCOGER FONDOS A TU GUSTO \u2013\u00a0VER CATALOGO  Medidas m\u00e1ximas: 800\u00d7800 mm.","og_url":"https:\/\/lapidasimpresas.es\/index.php\/producto\/rotubasic-2\/","og_site_name":"LAPIDASIMPRESAS","article_modified_time":"2026-04-03T11:34:54+00:00","og_image":[{"width":1134,"height":967,"url":"http:\/\/lapidasimpresas.es\/wp-content\/uploads\/2026\/02\/lapida-alupanel.png","type":"image\/png"}],"twitter_card":"summary_large_image","twitter_misc":{"Tiempo de lectura":"4 minutos"},"schema":{"@context":"https:\/\/schema.org","@graph":[{"@type":"WebPage","@id":"https:\/\/lapidasimpresas.es\/index.php\/producto\/rotubasic-2\/","url":"https:\/\/lapidasimpresas.es\/index.php\/producto\/rotubasic-2\/","name":"ROTUBASIC - LAPIDASIMPRESAS","isPartOf":{"@id":"http:\/\/lapidasimpresas.es\/#website"},"primaryImageOfPage":{"@id":"https:\/\/lapidasimpresas.es\/index.php\/producto\/rotubasic-2\/#primaryimage"},"image":{"@id":"https:\/\/lapidasimpresas.es\/index.php\/producto\/rotubasic-2\/#primaryimage"},"thumbnailUrl":"https:\/\/lapidasimpresas.es\/wp-content\/uploads\/2026\/02\/lapida-alupanel.png","datePublished":"2026-04-03T11:33:58+00:00","dateModified":"2026-04-03T11:34:54+00:00","breadcrumb":{"@id":"https:\/\/lapidasimpresas.es\/index.php\/producto\/rotubasic-2\/#breadcrumb"},"inLanguage":"es","potentialAction":[{"@type":"ReadAction","target":["https:\/\/lapidasimpresas.es\/index.php\/producto\/rotubasic-2\/"]}]},{"@type":"ImageObject","inLanguage":"es","@id":"https:\/\/lapidasimpresas.es\/index.php\/producto\/rotubasic-2\/#primaryimage","url":"https:\/\/lapidasimpresas.es\/wp-content\/uploads\/2026\/02\/lapida-alupanel.png","contentUrl":"https:\/\/lapidasimpresas.es\/wp-content\/uploads\/2026\/02\/lapida-alupanel.png","width":1134,"height":967},{"@type":"BreadcrumbList","@id":"https:\/\/lapidasimpresas.es\/index.php\/producto\/rotubasic-2\/#breadcrumb","itemListElement":[{"@type":"ListItem","position":1,"name":"Portada","item":"https:\/\/lapidasimpresas.es\/"},{"@type":"ListItem","position":2,"name":"INICIO","item":"https:\/\/lapidasimpresas.es\/"},{"@type":"ListItem","position":3,"name":"ROTUBASIC"}]},{"@type":"WebSite","@id":"http:\/\/lapidasimpresas.es\/#website","url":"http:\/\/lapidasimpresas.es\/","name":"LAPIDASIMPRESAS","description":"RECUERDOS","publisher":{"@id":"http:\/\/lapidasimpresas.es\/#organization"},"potentialAction":[{"@type":"SearchAction","target":{"@type":"EntryPoint","urlTemplate":"http:\/\/lapidasimpresas.es\/?s={search_term_string}"},"query-input":{"@type":"PropertyValueSpecification","valueRequired":true,"valueName":"search_term_string"}}],"inLanguage":"es"},{"@type":"Organization","@id":"http:\/\/lapidasimpresas.es\/#organization","name":"GRUPO ROTUSTUDIO","url":"http:\/\/lapidasimpresas.es\/","logo":{"@type":"ImageObject","inLanguage":"es","@id":"http:\/\/lapidasimpresas.es\/#\/schema\/logo\/image\/","url":"http:\/\/lapidasimpresas.es\/wp-content\/uploads\/2026\/02\/rotunicho.png","contentUrl":"http:\/\/lapidasimpresas.es\/wp-content\/uploads\/2026\/02\/rotunicho.png","width":1880,"height":403,"caption":"GRUPO ROTUSTUDIO"},"image":{"@id":"http:\/\/lapidasimpresas.es\/#\/schema\/logo\/image\/"}}]}},"_links":{"self":[{"href":"https:\/\/lapidasimpresas.es\/index.php\/wp-json\/wp\/v2\/product\/222620","targetHints":{"allow":["GET"]}}],"collection":[{"href":"https:\/\/lapidasimpresas.es\/index.php\/wp-json\/wp\/v2\/product"}],"about":[{"href":"https:\/\/lapidasimpresas.es\/index.php\/wp-json\/wp\/v2\/types\/product"}],"replies":[{"embeddable":true,"href":"https:\/\/lapidasimpresas.es\/index.php\/wp-json\/wp\/v2\/comments?post=222620"}],"wp:featuredmedia":[{"embeddable":true,"href":"https:\/\/lapidasimpresas.es\/index.php\/wp-json\/wp\/v2\/media\/217"}],"wp:attachment":[{"href":"https:\/\/lapidasimpresas.es\/index.php\/wp-json\/wp\/v2\/media?parent=222620"}],"wp:term":[{"taxonomy":"product_brand","embeddable":true,"href":"https:\/\/lapidasimpresas.es\/index.php\/wp-json\/wp\/v2\/product_brand?post=222620"},{"taxonomy":"product_cat","embeddable":true,"href":"https:\/\/lapidasimpresas.es\/index.php\/wp-json\/wp\/v2\/product_cat?post=222620"},{"taxonomy":"product_tag","embeddable":true,"href":"https:\/\/lapidasimpresas.es\/index.php\/wp-json\/wp\/v2\/product_tag?post=222620"}],"curies":[{"name":"wp","href":"https:\/\/api.w.org\/{rel}","templated":true}]}}